{"id":155,"date":"2023-08-01T08:42:51","date_gmt":"2023-08-01T08:42:51","guid":{"rendered":"http:\/\/saaronniemensaukot.fi\/?page_id=155"},"modified":"2025-11-23T16:42:12","modified_gmt":"2025-11-23T16:42:12","slug":"tule-jaseneksi","status":"publish","type":"page","link":"https:\/\/saaronniemensaukot.fi\/?page_id=155","title":{"rendered":"Tule j\u00e4seneksi"},"content":{"rendered":"<h1 style=\"text-align: center;\">Saaronniemen Saukot Ry:n j\u00e4senyys<\/h1>\n<p>Saaronniemen Saukkojen yhteis\u00f6 on 425 \u00a0j\u00e4senen yhdistys, jonka koti on Saukkoranta Turun luonnonkauniissa Ruissalossa. Yhdistys toimii vanhassa villassa, jonka nimi on Outori. Aikanaan Outorin on rakennuttanut Aksel Wiklundin noin vuonna 1908. Vuonna 2003 yhdistys vuokrasi tontin Turun kaupungilta ja samassa yhteydess\u00e4 yhdistys hankki kaikki kiinteist\u00f6ll\u00e4 olleet rakennukset omistukseensa.<\/p>\n<p>Yhdistys yll\u00e4pit\u00e4\u00e4 kiinteist\u00f6\u00e4 ja talviuintitoimintaa vapaaehtoisvoimin urheiluseurana.<\/p>\n<p>T\u00e4ll\u00e4 hetkell\u00e4 j\u00e4senkatto on t\u00e4ynn\u00e4, mutta voit kysell\u00e4 liittymisest\u00e4 saunan kassalla ja mahdollisesta jonotusmahdollisuudesta.<\/p>\n<p>Liittym\u00e4ll\u00e4 Saukkojen j\u00e4seneksi, saat seuraavat edut:<\/p>\n<ul>\n<li>saunot ja uit edullisempaan j\u00e4senhintaan<\/li>\n<li>voit vuokrata tiloja edullisempaan j\u00e4senhintaan<\/li>\n<li>saat s\u00e4hk\u00f6postiisi tuoreet tiedot yhdistyksen toiminnasta<\/li>\n<li>yhdistys maksaa osallistumismaksun toimintasuunnitelmassa vahvistettuihin talviuintikilpailuihin<\/li>\n<li>yhdistys j\u00e4rjest\u00e4\u00e4 yhteisi\u00e4 tapahtumia ja matkoja j\u00e4senilleen edullisempaan j\u00e4sen hintaan<\/li>\n<\/ul>\n<p>Saukkojen yhdistyskokous on p\u00e4\u00e4tt\u00e4nyt vuosittaiseksi j\u00e4senmaksuksi 40 euroa ja liittymismaksuksi 50 euroa. Liittymismaksu maksetaan vain liittymisen yhteydess\u00e4 eli ensimm\u00e4inen maksu on 90 euroa. Liittymisvuotta seuraavina vuosina maksetaan vain j\u00e4senmaksu eli 40 euroa. Jos j\u00e4senyys katkeaa esimerkiksi maksamattoman j\u00e4senmaksun johdosta, niin liittymismaksu on maksettava uudelleen liittymisen yhteydess\u00e4 uudelleen.<\/p>\n<p>J\u00e4seneksi liittyminen onnistuu kioskilla t\u00e4ytt\u00e4m\u00e4ll\u00e4 j\u00e4senhakulomake ja maksamalla j\u00e4senmaksu + liittymismaksu suoraan kassalla.<\/p>\n","protected":false},"excerpt":{"rendered":"<p>Saaronniemen Saukot Ry:n j\u00e4senyys Saaronniemen Saukkojen yhteis\u00f6 on 425 \u00a0j\u00e4senen yhdistys, jonka koti on Saukkoranta Turun luonnonkauniissa Ruissalossa. Yhdistys toimii vanhassa villassa, jonka nimi on Outori. Aikanaan Outorin on rakennuttanut Aksel Wiklundin noin vuonna 1908. Vuonna 2003 yhdistys vuokrasi tontin Turun kaupungilta ja samassa yhteydess\u00e4 yhdistys hankki kaikki kiinteist\u00f6ll\u00e4 olleet rakennukset omistukseensa. Yhdistys yll\u00e4pit\u00e4\u00e4 kiinteist\u00f6\u00e4 &hellip; <\/p>\n<p class=\"link-more\"><a href=\"https:\/\/saaronniemensaukot.fi\/?page_id=155\" class=\"more-link\">Jatka lukemista<span class=\"screen-reader-text\"> &#8221;Tule j\u00e4seneksi&#8221;<\/span><\/a><\/p>\n","protected":false},"author":1,"featured_media":0,"parent":0,"menu_order":0,"comment_status":"closed","ping_status":"closed","template":"","meta":{"_monsterinsights_skip_tracking":false,"_monsterinsights_sitenote_active":false,"_monsterinsights_sitenote_note":"","_monsterinsights_sitenote_category":0,"footnotes":""},"class_list":["post-155","page","type-page","status-publish","hentry"],"aioseo_notices":[],"_links":{"self":[{"href":"https:\/\/saaronniemensaukot.fi\/index.php?rest_route=\/wp\/v2\/pages\/155","targetHints":{"allow":["GET"]}}],"collection":[{"href":"https:\/\/saaronniemensaukot.fi\/index.php?rest_route=\/wp\/v2\/pages"}],"about":[{"href":"https:\/\/saaronniemensaukot.fi\/index.php?rest_route=\/wp\/v2\/types\/page"}],"author":[{"embeddable":true,"href":"https:\/\/saaronniemensaukot.fi\/index.php?rest_route=\/wp\/v2\/users\/1"}],"replies":[{"embeddable":true,"href":"https:\/\/saaronniemensaukot.fi\/index.php?rest_route=%2Fwp%2Fv2%2Fcomments&post=155"}],"version-history":[{"count":14,"href":"https:\/\/saaronniemensaukot.fi\/index.php?rest_route=\/wp\/v2\/pages\/155\/revisions"}],"predecessor-version":[{"id":382,"href":"https:\/\/saaronniemensaukot.fi\/index.php?rest_route=\/wp\/v2\/pages\/155\/revisions\/382"}],"wp:attachment":[{"href":"https:\/\/saaronniemensaukot.fi\/index.php?rest_route=%2Fwp%2Fv2%2Fmedia&parent=155"}],"curies":[{"name":"wp","href":"https:\/\/api.w.org\/{rel}","templated":true}]}}