{"id":164,"date":"2023-08-01T08:52:15","date_gmt":"2023-08-01T08:52:15","guid":{"rendered":"http:\/\/saaronniemensaukot.fi\/?page_id=164"},"modified":"2023-08-01T08:55:43","modified_gmt":"2023-08-01T08:55:43","slug":"tule-talviuimariksi","status":"publish","type":"page","link":"https:\/\/saaronniemensaukot.fi\/?page_id=164","title":{"rendered":"Tule talviuimariksi"},"content":{"rendered":"\t\t<div data-elementor-type=\"wp-page\" data-elementor-id=\"164\" class=\"elementor elementor-164\">\n\t\t\t\t\t\t<section class=\"elementor-section elementor-top-section elementor-element elementor-element-890a37a elementor-section-boxed elementor-section-height-default elementor-section-height-default\" data-id=\"890a37a\" data-element_type=\"section\" data-e-type=\"section\">\n\t\t\t\t\t\t<div class=\"elementor-container elementor-column-gap-default\">\n\t\t\t\t\t<div class=\"elementor-column elementor-col-100 elementor-top-column elementor-element elementor-element-c604e99\" data-id=\"c604e99\" data-element_type=\"column\" data-e-type=\"column\">\n\t\t\t<div class=\"elementor-widget-wrap elementor-element-populated\">\n\t\t\t\t\t\t<div class=\"elementor-element elementor-element-4a794b7 elementor-widget elementor-widget-text-editor\" data-id=\"4a794b7\" data-element_type=\"widget\" data-e-type=\"widget\" data-widget_type=\"text-editor.default\">\n\t\t\t\t<div class=\"elementor-widget-container\">\n\t\t\t\t\t\t\t\t\t<p style=\"text-align: left;\"><span style=\"font-family: arial, helvetica, sans-serif;\"><strong><span style=\"font-size: 12pt;\">Hyv\u00e4 talviumariksi aikova!<\/span><\/strong><\/span><\/p><p style=\"text-align: left;\"><span style=\"font-family: arial, helvetica, sans-serif;\"><strong><span style=\"font-size: 12pt;\">Tule virkistym\u00e4\u00e4n uiden ja saunoen<\/span><\/strong><\/span><\/p><p style=\"text-align: left;\"><span style=\"font-size: 12pt; font-family: arial, helvetica, sans-serif;\">Talviuinti on virkist\u00e4v\u00e4 harrastus. Sen terveellisyydest\u00e4 on n\u00e4ytt\u00f6\u00e4 erilaisista tutkimuksista. Se pit\u00e4\u00e4 flunssat hyvin kurissa, parantaa stressinsietokysy\u00e4, tekee hyv\u00e4n olon ja rentouttaa.<\/span><\/p><p style=\"text-align: left;\"><span style=\"font-size: 12pt; font-family: arial, helvetica, sans-serif;\">Sen on my\u00f6skin sosiaalinen harrastus, koska saunan lauteilla istutaan juttelemassa kaikenlaista ja v\u00e4lill\u00e4 pulahdetaan uimaan.<\/span><\/p><p style=\"text-align: left;\"><span style=\"font-family: arial, helvetica, sans-serif; font-size: 12pt; color: var( --e-global-color-text );\"><b>Talviuinnin hy\u00f6dyt<\/b><\/span><\/p><p style=\"text-align: left;\"><span style=\"font-family: arial, helvetica, sans-serif; font-size: 12pt; color: var( --e-global-color-text ); font-weight: var( --e-global-typography-text-font-weight );\">Talviuinti rentouttaa ja virkist\u00e4\u00e4. Sen virkist\u00e4v\u00e4 vaikutus perustuu aivolis\u00e4kkeen eritt\u00e4m\u00e4\u00e4n betaendorfiini -nimiseen, vaikutuksiltaan morfiinin kaltaiseen hormoniin, avantouinti my\u00f6s parantaa stressinsietokyky\u00e4 ja auttaa kest\u00e4m\u00e4\u00e4n paremmin kylm\u00e4\u00e4.<\/span><\/p><p style=\"text-align: left;\"><span style=\"font-family: arial, helvetica, sans-serif;\"><strong><span style=\"font-size: 12pt;\">Talviuimareiden suusta<\/span><\/strong><\/span><\/p><p style=\"text-align: left;\"><span style=\"font-size: 12pt; font-family: arial, helvetica, sans-serif;\">T\u00e4ss\u00e4 kommentaja toimintaamme osallistuneilta saunojilta ja avantoon pulahtaneilta:<\/span><\/p><p style=\"text-align: left;\"><span style=\"font-size: 12pt; font-family: arial, helvetica, sans-serif;\">&#8211; AHH..niin hyv\u00e4t l\u00f6ylyt, ett\u00e4 menee ihan kylm\u00e4t v\u00e4reet pitkin selk\u00e4piit\u00e4<\/span><br \/><span style=\"font-size: 12pt; font-family: arial, helvetica, sans-serif;\">&#8211; ei flunssaa viiteen vuoteen<\/span><br \/><span style=\"font-size: 12pt; font-family: arial, helvetica, sans-serif;\">&#8211; hyv\u00e4 joukkohenki<\/span><br \/><span style=\"font-size: 12pt; font-family: arial, helvetica, sans-serif;\">&#8211; mielenrauhaa, mielenrauhaa&#8230;<\/span><br \/><span style=\"font-size: 12pt; font-family: arial, helvetica, sans-serif;\">&#8211; arkiset murheet unohtuvat<\/span><br \/><span style=\"font-size: 12pt; font-family: arial, helvetica, sans-serif;\">&#8211; stressit\u00f6n olo<\/span><br \/><span style=\"font-size: 12pt; font-family: arial, helvetica, sans-serif;\">&#8211; se porukka!!<\/span><br \/><span style=\"font-size: 12pt; font-family: arial, helvetica, sans-serif;\">&#8211; mieli virkistyy<\/span><br \/><span style=\"font-size: 12pt; font-family: arial, helvetica, sans-serif;\">&#8211; liikuntaa ilman liikuntaa<\/span><br \/><span style=\"font-size: 12pt; font-family: arial, helvetica, sans-serif;\">&#8211; uni tulee hyvin avannon j\u00e4lkeen<\/span><br \/><span style=\"font-size: 12pt; font-family: arial, helvetica, sans-serif;\">&#8211; hyv\u00e4 porukka, kiva tulla joka kerta<\/span><br \/><span style=\"font-size: 12pt; font-family: arial, helvetica, sans-serif;\">&#8211; ei v\u00e4li\u00e4 kuka olet tai mit\u00e4 olet<\/span><br \/><span style=\"font-size: 12pt; font-family: arial, helvetica, sans-serif;\">&#8211; avannon aiheuttama positiivinen stressi poistaa nykyaikaisen ihmisen itseaiheutetun negatiivisen stressin<\/span><br \/><span style=\"font-size: 12pt; font-family: arial, helvetica, sans-serif;\">&#8211; paljon kavereita<\/span><br \/><span style=\"font-size: 12pt; font-family: arial, helvetica, sans-serif;\">&#8211; aiheuttaa riippuvuutta!!<\/span><\/p>\t\t\t\t\t\t\t\t<\/div>\n\t\t\t\t<\/div>\n\t\t\t\t\t<\/div>\n\t\t<\/div>\n\t\t\t\t\t<\/div>\n\t\t<\/section>\n\t\t\t\t<\/div>\n\t\t","protected":false},"excerpt":{"rendered":"<p>Hyv\u00e4 talviumariksi aikova! Tule virkistym\u00e4\u00e4n uiden ja saunoen Talviuinti on virkist\u00e4v\u00e4 harrastus. Sen terveellisyydest\u00e4 on n\u00e4ytt\u00f6\u00e4 erilaisista tutkimuksista. Se pit\u00e4\u00e4 flunssat hyvin kurissa, parantaa stressinsietokysy\u00e4, tekee hyv\u00e4n olon ja rentouttaa. Sen on my\u00f6skin sosiaalinen harrastus, koska saunan lauteilla istutaan juttelemassa kaikenlaista ja v\u00e4lill\u00e4 pulahdetaan uimaan. Talviuinnin hy\u00f6dyt Talviuinti rentouttaa ja virkist\u00e4\u00e4. Sen virkist\u00e4v\u00e4 vaikutus perustuu &hellip; <\/p>\n<p class=\"link-more\"><a href=\"https:\/\/saaronniemensaukot.fi\/?page_id=164\" class=\"more-link\">Jatka lukemista<span class=\"screen-reader-text\"> &#8221;Tule talviuimariksi&#8221;<\/span><\/a><\/p>\n","protected":false},"author":1,"featured_media":0,"parent":0,"menu_order":0,"comment_status":"closed","ping_status":"closed","template":"","meta":{"_monsterinsights_skip_tracking":false,"_monsterinsights_sitenote_active":false,"_monsterinsights_sitenote_note":"","_monsterinsights_sitenote_category":0,"footnotes":""},"class_list":["post-164","page","type-page","status-publish","hentry"],"aioseo_notices":[],"_links":{"self":[{"href":"https:\/\/saaronniemensaukot.fi\/index.php?rest_route=\/wp\/v2\/pages\/164","targetHints":{"allow":["GET"]}}],"collection":[{"href":"https:\/\/saaronniemensaukot.fi\/index.php?rest_route=\/wp\/v2\/pages"}],"about":[{"href":"https:\/\/saaronniemensaukot.fi\/index.php?rest_route=\/wp\/v2\/types\/page"}],"author":[{"embeddable":true,"href":"https:\/\/saaronniemensaukot.fi\/index.php?rest_route=\/wp\/v2\/users\/1"}],"replies":[{"embeddable":true,"href":"https:\/\/saaronniemensaukot.fi\/index.php?rest_route=%2Fwp%2Fv2%2Fcomments&post=164"}],"version-history":[{"count":10,"href":"https:\/\/saaronniemensaukot.fi\/index.php?rest_route=\/wp\/v2\/pages\/164\/revisions"}],"predecessor-version":[{"id":175,"href":"https:\/\/saaronniemensaukot.fi\/index.php?rest_route=\/wp\/v2\/pages\/164\/revisions\/175"}],"wp:attachment":[{"href":"https:\/\/saaronniemensaukot.fi\/index.php?rest_route=%2Fwp%2Fv2%2Fmedia&parent=164"}],"curies":[{"name":"wp","href":"https:\/\/api.w.org\/{rel}","templated":true}]}}