{"id":189,"date":"2023-08-01T09:01:58","date_gmt":"2023-08-01T09:01:58","guid":{"rendered":"http:\/\/saaronniemensaukot.fi\/?page_id=189"},"modified":"2025-12-30T16:34:19","modified_gmt":"2025-12-30T16:34:19","slug":"yhteystiedot","status":"publish","type":"page","link":"https:\/\/saaronniemensaukot.fi\/?page_id=189","title":{"rendered":"Yhteystiedot"},"content":{"rendered":"<p><strong>Osoite ja puhelintiedot:<\/strong><\/p>\n<p style=\"text-align: left;\">Saaronniemen Saukot Ry<br \/>\nTammirannantie 39<br \/>\n20100 Turku, Ruissalo<\/p>\n<p style=\"text-align: left;\">saukkoranta@saaronniemensaukot.fi<\/p>\n<p style=\"text-align: left;\">Puhelin Saukkorantaan 044-7717 555 (Saunan aukioloaikoina)<\/p>\n<p><strong>Pankkiyhteys:<\/strong><\/p>\n<p>Aktia pankki<br \/>\nFI15 4055 0011 2343 39<\/p>\n<p><strong>Yhteys F\u00f6lill\u00e4:<\/strong><\/p>\n<p>Ruissaloon tulee linja numero 8.<\/p>\n<p>Tammirannan tien p\u00e4\u00e4ss\u00e4 on Iso-Pukintien pys\u00e4kki, josta k\u00e4velymatkaa Saukkorantaan on noin 450 metri\u00e4 Tammirannan tiet\u00e4.<\/p>\n<p><strong>Hallitus<\/strong><\/p>\n<p><strong>Puheenjohtaja\u00a0<\/strong><br \/>\nTouko Vahtera<\/p>\n<p>puheenjohtaja@saaronniemensaukot.fi<\/p>\n<p><strong>Varapuheenjohtaja<\/strong><\/p>\n<p><strong>Sihteeri<\/strong><br \/>\nTeemu Karlsson<br \/>\nsihteeri@saaronniemensaukot.fi<\/p>\n<p><strong>Taloudenhoitaja<\/strong><br \/>\nMia Puntila<\/p>\n<p>taloudenhoitaja@saaronniemensaukot.fi<\/p>\n<p><strong style=\"font-size: 12pt;\">Muut j\u00e4senet:<\/strong><\/p>\n<p><strong>Varaj\u00e4senet:<\/strong><\/p>\n","protected":false},"excerpt":{"rendered":"<p>Osoite ja puhelintiedot: Saaronniemen Saukot Ry Tammirannantie 39 20100 Turku, Ruissalo saukkoranta@saaronniemensaukot.fi Puhelin Saukkorantaan 044-7717 555 (Saunan aukioloaikoina) Pankkiyhteys: Aktia pankki FI15 4055 0011 2343 39 Yhteys F\u00f6lill\u00e4: Ruissaloon tulee linja numero 8. Tammirannan tien p\u00e4\u00e4ss\u00e4 on Iso-Pukintien pys\u00e4kki, josta k\u00e4velymatkaa Saukkorantaan on noin 450 metri\u00e4 Tammirannan tiet\u00e4. Hallitus Puheenjohtaja\u00a0 Touko Vahtera puheenjohtaja@saaronniemensaukot.fi Varapuheenjohtaja Sihteeri &hellip; <\/p>\n<p class=\"link-more\"><a href=\"https:\/\/saaronniemensaukot.fi\/?page_id=189\" class=\"more-link\">Jatka lukemista<span class=\"screen-reader-text\"> &#8221;Yhteystiedot&#8221;<\/span><\/a><\/p>\n","protected":false},"author":1,"featured_media":0,"parent":0,"menu_order":0,"comment_status":"closed","ping_status":"closed","template":"","meta":{"_monsterinsights_skip_tracking":false,"_monsterinsights_sitenote_active":false,"_monsterinsights_sitenote_note":"","_monsterinsights_sitenote_category":0,"footnotes":""},"class_list":["post-189","page","type-page","status-publish","hentry"],"aioseo_notices":[],"_links":{"self":[{"href":"https:\/\/saaronniemensaukot.fi\/index.php?rest_route=\/wp\/v2\/pages\/189","targetHints":{"allow":["GET"]}}],"collection":[{"href":"https:\/\/saaronniemensaukot.fi\/index.php?rest_route=\/wp\/v2\/pages"}],"about":[{"href":"https:\/\/saaronniemensaukot.fi\/index.php?rest_route=\/wp\/v2\/types\/page"}],"author":[{"embeddable":true,"href":"https:\/\/saaronniemensaukot.fi\/index.php?rest_route=\/wp\/v2\/users\/1"}],"replies":[{"embeddable":true,"href":"https:\/\/saaronniemensaukot.fi\/index.php?rest_route=%2Fwp%2Fv2%2Fcomments&post=189"}],"version-history":[{"count":24,"href":"https:\/\/saaronniemensaukot.fi\/index.php?rest_route=\/wp\/v2\/pages\/189\/revisions"}],"predecessor-version":[{"id":393,"href":"https:\/\/saaronniemensaukot.fi\/index.php?rest_route=\/wp\/v2\/pages\/189\/revisions\/393"}],"wp:attachment":[{"href":"https:\/\/saaronniemensaukot.fi\/index.php?rest_route=%2Fwp%2Fv2%2Fmedia&parent=189"}],"curies":[{"name":"wp","href":"https:\/\/api.w.org\/{rel}","templated":true}]}}