{"id":40,"date":"2023-04-26T14:02:46","date_gmt":"2023-04-26T14:02:46","guid":{"rendered":"https:\/\/saaronniemensaukot.fi\/wordpress\/?page_id=40"},"modified":"2026-05-03T11:54:45","modified_gmt":"2026-05-03T11:54:45","slug":"tervetuloa-saunomaan-ja-uimaan-saukkorantaan","status":"publish","type":"page","link":"https:\/\/saaronniemensaukot.fi\/","title":{"rendered":"Tervetuloa saunomaan ja uimaan Saukkorantaan!"},"content":{"rendered":"\t\t<div data-elementor-type=\"wp-page\" data-elementor-id=\"40\" class=\"elementor elementor-40\">\n\t\t\t\t\t\t<section class=\"elementor-section elementor-top-section elementor-element elementor-element-ec04379 elementor-section-boxed elementor-section-height-default elementor-section-height-default\" data-id=\"ec04379\" data-element_type=\"section\" data-e-type=\"section\">\n\t\t\t\t\t\t<div class=\"elementor-container elementor-column-gap-default\">\n\t\t\t\t\t<div class=\"elementor-column elementor-col-100 elementor-top-column elementor-element elementor-element-c25cece\" data-id=\"c25cece\" data-element_type=\"column\" data-e-type=\"column\">\n\t\t\t<div class=\"elementor-widget-wrap elementor-element-populated\">\n\t\t\t\t\t\t\t<\/div>\n\t\t<\/div>\n\t\t\t\t\t<\/div>\n\t\t<\/section>\n\t\t\t\t<section class=\"elementor-section elementor-top-section elementor-element elementor-element-1ffaa420 elementor-section-boxed elementor-section-height-default elementor-section-height-default\" data-id=\"1ffaa420\" data-element_type=\"section\" data-e-type=\"section\">\n\t\t\t\t\t\t<div class=\"elementor-container elementor-column-gap-default\">\n\t\t\t\t\t<div class=\"elementor-column elementor-col-100 elementor-top-column elementor-element elementor-element-4f9eed9b\" data-id=\"4f9eed9b\" data-element_type=\"column\" data-e-type=\"column\">\n\t\t\t<div class=\"elementor-widget-wrap elementor-element-populated\">\n\t\t\t\t\t\t<div class=\"elementor-element elementor-element-26ed407c elementor-widget__width-initial elementor-widget elementor-widget-text-editor\" data-id=\"26ed407c\" data-element_type=\"widget\" data-e-type=\"widget\" data-widget_type=\"text-editor.default\">\n\t\t\t\t<div class=\"elementor-widget-container\">\n\t\t\t\t\t\t\t\t\t<p>\u00a0<\/p>\n<p>Saukkoranta on avoinna my\u00f6s kes\u00e4aikana <b>j\u00e4senille<\/b>, eli ranta on yksityisranta miss\u00e4 j\u00e4senille on vapaap\u00e4\u00e4sy my\u00f6s aukioloaikojen ulkopuolella. Alueella on kameravalvonta.\u00a0<\/p>\n<p>Idyllinen Saukkoranta sijaitseen luonnonkauniissa Ruissalossa Tammirannantiell\u00e4, jossa on kaksi puul\u00e4mmitteist\u00e4 saunaa.\u00a0 Saunat ovat avoinna kaikille talviuinnin harrastajille.<\/p>\n<p><!-- \/wp:paragraph --><\/p>\n<p><!-- wp:paragraph --><\/p>\n<p>Isossa saunassa on iso puukiuas, joka luo perinteist\u00e4 tunnelmaa saunaan. Pikkusaunassa erikoisuutena on se, ettei sen lattia ole umpinainen, joten sielt\u00e4 tulee saunaan happea runsaasti. Pukuhuoneet ovat erikseen sek\u00e4 naisille ett\u00e4 miehille. Suihkuja Saukkorannassa ei ole.<\/p>\n<p><!-- \/wp:paragraph --><\/p>\n<p><!-- wp:paragraph --><\/p>\n<p>Saukkorantaa yll\u00e4pit\u00e4\u00e4 talviuintiseura Saaronniemen Saukot, joka on perustettu 1999. Saukkojen j\u00e4senen\u00e4 voit osallistua yhdistyksen toimintaan ja p\u00e4\u00e4set uimaan sek\u00e4 saunomaan edullisempaan j\u00e4senhintaan.\u00a0<\/p>\n<p><!-- \/wp:paragraph --><\/p>\n<p><!-- wp:paragraph --><\/p>\n<p>Saukkoranta ei ole yleinen kaupungin yll\u00e4pit\u00e4m\u00e4 uimaranta, vaan rakennukset ja laituri ovat Saaronniemen Saukot ry:n omaisuutta. N\u00e4in ollen esimerkiksi uiminen laiturilla edellytt\u00e4\u00e4 yhdistyksen lupaa.\u00a0<\/p>\n<p><!-- \/wp:paragraph --><\/p>\n<p><!-- wp:paragraph --><\/p>\n<p><strong>Lis\u00e4tietoa saunalta suoraan puhelimella 044-7717 555 (saunan aukioloaikoina) tai\u00a0<br \/>s\u00e4hk\u00f6postilla\u00a0<a href=\"mailto:saukkoranta@saaronniemensaukot.fi\">saukkoranta@saaronniemensaukot.fi<\/a><\/strong><\/p>\n<p><!-- \/wp:paragraph --><\/p>\n<p><!-- wp:paragraph --><\/p>\n<hr \/>\n<p><!-- \/wp:paragraph --><\/p>\n<p><!-- wp:paragraph --><\/p>\n<p>Jos olet tulossa saunomaan suuremman ryhm\u00e4n kanssa olisi toivottavaa, ett\u00e4 ilmoittaisitte meille asiasta etuk\u00e4teen. N\u00e4in voimme varautua l\u00e4mmitt\u00e4m\u00e4\u00e4n my\u00f6s toisen saunan. Ilmoituksen voi l\u00e4hett\u00e4\u00e4 osoitteeseen <a href=\"mailto:saukkoranta@saaronniemensaukot.fi.\">saukkoranta@saaronniemensaukot.fi.<\/a><\/p>\n<p><!-- \/wp:paragraph --><\/p>\n<p><!-- wp:columns --><\/p>\n<div>\n<p><!-- wp:column --><\/p>\n<div>\n<p><!-- wp:table --><\/p>\n<figure>\n<table>\n<tbody>\n<tr>\n<td colspan=\"2\"><strong>Saunavuorot<\/strong><\/td>\n<\/tr>\n<tr>\n<td>Tiistai (Tue)<\/td>\n<td>14.00 &#8211; 21.00<\/td>\n<\/tr>\n<tr>\n<td>Torstai (Thu)<\/td>\n<td>14.00 &#8211; 21.00<\/td>\n<\/tr>\n<tr>\n<td>Perjantai (Fri)<\/td>\n<td>16.00 &#8211; 21.00<\/td>\n<\/tr>\n<tr>\n<td>Sunnuntai (Sun)<\/td>\n<td>14.00 &#8211; 21.00<\/td>\n<\/tr>\n<tr>\n<td colspan=\"2\">Kassa ja lipunmyynti suljetaan puoli tuntia ennen sulkemisaikaa. Saunasta poistutaan kello 20:40 ja pukuhuoneista viimeist\u00e4\u00e4n kello 21:00.<\/td>\n<\/tr>\n<\/tbody>\n<\/table>\n<\/figure>\n<p><!-- \/wp:table --><\/p>\n<p><!-- wp:table --><\/p>\n<figure><\/figure>\n<p><!-- \/wp:table --><\/p>\n<\/div>\n<p><!-- \/wp:column --><\/p>\n<\/div>\n<p><!-- \/wp:columns --><\/p>\n<p><!-- wp:columns --><\/p>\n<div>\n<p><!-- wp:column --><\/p>\n<div>\n<p><!-- wp:table --><\/p>\n<figure>\n<table style=\"height: 637px;\" width=\"322\">\n<tbody>\n<tr>\n<td colspan=\"2\"><strong>Hinnat (1.1.2026 alkaen)<\/strong><\/td>\n<\/tr>\n<tr>\n<td colspan=\"2\"><strong>Uinti + Sauna, kertamaksu<\/strong><\/td>\n<\/tr>\n<tr>\n<td>J\u00e4senet<\/td>\n<td style=\"text-align: right;\" data-align=\"right\">4,00\u00a0\u20ac<\/td>\n<\/tr>\n<tr>\n<td>Ei j\u00e4senet<\/td>\n<td style=\"text-align: right;\" data-align=\"right\">8,00 \u20ac<\/td>\n<\/tr>\n<tr>\n<td>Lapset alle 12 v<br \/>aikuisen seurassa<\/td>\n<td style=\"text-align: right;\" data-align=\"right\">0,00\u00a0\u20ac<\/td>\n<\/tr>\n<tr>\n<td colspan=\"2\"><strong>10 kerran lippuvihko<\/strong><\/td>\n<\/tr>\n<tr>\n<td>J\u00e4senet<\/td>\n<td style=\"text-align: right;\" data-align=\"right\">40,00\u00a0\u20ac<\/td>\n<\/tr>\n<tr>\n<td>Ei j\u00e4senet<\/td>\n<td style=\"text-align: right;\" data-align=\"right\">80,00 \u20ac<\/td>\n<\/tr>\n<tr>\n<td colspan=\"2\">Lippuvihon ostajalle, ostokerran sauna ilmaiseksi.\u00a0<\/td>\n<\/tr>\n<tr>\n<td colspan=\"2\"><strong>Kylm\u00e4uinti, kertamaksu<\/strong><\/td>\n<\/tr>\n<tr>\n<td>Kaikilta<\/td>\n<td style=\"text-align: right;\" data-align=\"right\">1,00\u00a0\u20ac<\/td>\n<\/tr>\n<tr>\n<td colspan=\"2\"><strong>J\u00e4senmaksut<\/strong><\/td>\n<\/tr>\n<tr>\n<td>Liittymismaksu<\/td>\n<td style=\"text-align: right;\" data-align=\"right\">50,00 \u20ac<\/td>\n<\/tr>\n<tr>\n<td>Vuosimaksu (kalenterivuosi, tammikuu-joulukuu)<\/td>\n<td style=\"text-align: right;\" data-align=\"right\">40,00\u00a0\u20ac<\/td>\n<\/tr>\n<tr>\n<td colspan=\"2\"><strong>Tilavuokrat (J\u00c4SENILLE ilman saunan l\u00e4mmityst\u00e4, maanantaina ja keskiviikkona)<br \/>Tilavuokraus p\u00e4\u00e4ttyy kello 24:00. Koskee my\u00f6s saunoja.<\/strong><\/td>\n<\/tr>\n<tr>\n<td>Iso sauna ja huvila<\/td>\n<td data-align=\"right\">320,00\u00a0\u20ac<\/td>\n<\/tr>\n<tr>\n<td>Pieni sauna ja huvila<\/td>\n<td data-align=\"right\">220,00\u00a0\u20ac<\/td>\n<\/tr>\n<tr>\n<td>Huvila<\/td>\n<td data-align=\"right\">160,00\u00a0\u20ac<\/td>\n<\/tr>\n<tr>\n<td>Iso sauna<\/td>\n<td data-align=\"right\">160,00\u00a0\u20ac<\/td>\n<\/tr>\n<tr>\n<td>Pieni sauna<\/td>\n<td data-align=\"right\">\u00a0 80,00\u00a0\u20ac<\/td>\n<\/tr>\n<tr>\n<td>Grillikatos muun tilavuokran yhteydess\u00e4<\/td>\n<td data-align=\"right\">+60,00\u00a0\u20ac<\/td>\n<\/tr>\n<tr>\n<td>\u00a0<\/td>\n<td data-align=\"right\">\u00a0<\/td>\n<\/tr>\n<tr>\n<td colspan=\"2\"><strong>Tilavuokrat (EI J\u00c4SENILLE ilman saunan l\u00e4mmityst\u00e4, maanantaina ja keskiviikkona)<br \/>Tilavuokraus p\u00e4\u00e4ttyy kello 24:00. Koskee my\u00f6s saunoja.<\/strong><\/td>\n<\/tr>\n<tr>\n<td>Iso sauna<\/td>\n<td data-align=\"right\">350,00 \u20ac<\/td>\n<\/tr>\n<tr>\n<td>Pieni sauna<\/td>\n<td data-align=\"right\">250,00 \u20ac<\/td>\n<\/tr>\n<tr>\n<td>Grillikatos muun tilavuokran yhteydess\u00e4<\/td>\n<td data-align=\"right\">+120,00 \u20ac<\/td>\n<\/tr>\n<tr>\n<td>Jos vuokrap\u00e4iv\u00e4 on lauantai, niin kaikkiin vuokrahintoihin lis\u00e4t\u00e4\u00e4n<\/td>\n<td data-align=\"right\">+60,00 \u20ac<\/td>\n<\/tr>\n<\/tbody>\n<\/table>\n<\/figure>\n<p><!-- \/wp:table --><\/p>\n<p><!-- wp:columns --><\/p>\n<div>\n<p><!-- wp:column --><\/p>\n<div>\n<p><!-- wp:list --><\/p>\n<ul>\n<li style=\"list-style-type: none;\">\n<ul><!-- wp:list-item --><\/ul>\n<\/li>\n<\/ul>\n<p><strong>Saunan l\u00e4mmitys maksaa kaikkien tilavuokrien yhteydess\u00e4 60 euroa.<\/strong><\/p>\n<p>Vuokra-aika p\u00e4\u00e4\u00e4ttyy vuorokauden vaihtuessa klo 0.00. Yli menevilt\u00e4 tunneilta veloitamme 50 e\/tunti.<\/p>\n<p><a style=\"font-family: var( --e-global-typography-text-font-family ), Sans-serif; font-weight: var( --e-global-typography-text-font-weight ); background-color: #ffffff; font-size: 1rem;\" href=\"https:\/\/saaronniemensaukot.fi\/?page_id=95\" target=\"_blank\" rel=\"noopener\">S<\/a><a style=\"font-family: var( --e-global-typography-text-font-family ), Sans-serif; font-weight: var( --e-global-typography-text-font-weight ); background-color: #ffffff; font-size: 1rem;\" href=\"http:\/\/saaronniemensaukot.fi\/?page_id=95\" target=\"_blank\" rel=\"noopener\">aunan varauskalenterin n\u00e4et t\u00e4\u00e4lt\u00e4.<\/a><\/p>\n<p>Jos haluat vuokrata tilat yleisin\u00e4 saunap\u00e4ivin\u00e4, ota yhteytt\u00e4 saunamajuriin puhelimella tai s\u00e4hk\u00f6postilla.<\/p>\n<ul>\n<li><strong>Meill\u00e4 k\u00e4y maksuv\u00e4lineen\u00e4 k\u00e4teisen lis\u00e4ksi:<\/strong>\n<ul>\n<li>yleiset maksukortit kuten\n<ul>\n<li>Mastercard<\/li>\n<li>Visa<\/li>\n<\/ul>\n<\/li>\n<li>Liikuntasetelit\n<ul>\n<li>Smartum<\/li>\n<li>Virike<\/li>\n<li>ePassi<\/li>\n<li>TyKy (ei ranneke)<\/li>\n<\/ul>\n<\/li>\n<li><span style=\"font-size: 1rem;\">Sovellukset<\/span>\n<ul>\n<li><span style=\"font-size: 1rem;\">SmartumPay<\/span><\/li>\n<li><span style=\"font-size: 1rem;\">ePassi<\/span><\/li>\n<li><span style=\"font-size: 1rem;\">MyEdenred<\/span><\/li>\n<\/ul>\n<\/li>\n<\/ul>\n<\/li>\n<\/ul>\n<\/div>\n<\/div>\n<\/div>\n<\/div>\n<p><!-- \/wp:paragraph --><\/p>\t\t\t\t\t\t\t\t<\/div>\n\t\t\t\t<\/div>\n\t\t\t\t\t<\/div>\n\t\t<\/div>\n\t\t\t\t\t<\/div>\n\t\t<\/section>\n\t\t\t\t<\/div>\n\t\t","protected":false},"excerpt":{"rendered":"<p>\u00a0 Saukkoranta on avoinna my\u00f6s kes\u00e4aikana j\u00e4senille, eli ranta on yksityisranta miss\u00e4 j\u00e4senille on vapaap\u00e4\u00e4sy my\u00f6s aukioloaikojen ulkopuolella. Alueella on kameravalvonta.\u00a0 Idyllinen Saukkoranta sijaitseen luonnonkauniissa Ruissalossa Tammirannantiell\u00e4, jossa on kaksi puul\u00e4mmitteist\u00e4 saunaa.\u00a0 Saunat ovat avoinna kaikille talviuinnin harrastajille. Isossa saunassa on iso puukiuas, joka luo perinteist\u00e4 tunnelmaa saunaan. Pikkusaunassa erikoisuutena on se, ettei sen lattia &hellip; <\/p>\n<p class=\"link-more\"><a href=\"https:\/\/saaronniemensaukot.fi\/\" class=\"more-link\">Jatka lukemista<span class=\"screen-reader-text\"> &#8221;Tervetuloa saunomaan ja uimaan Saukkorantaan!&#8221;<\/span><\/a><\/p>\n","protected":false},"author":1,"featured_media":0,"parent":0,"menu_order":0,"comment_status":"closed","ping_status":"closed","template":"","meta":{"_monsterinsights_skip_tracking":false,"_monsterinsights_sitenote_active":false,"_monsterinsights_sitenote_note":"","_monsterinsights_sitenote_category":0,"footnotes":""},"class_list":["post-40","page","type-page","status-publish","hentry"],"aioseo_notices":[],"_links":{"self":[{"href":"https:\/\/saaronniemensaukot.fi\/index.php?rest_route=\/wp\/v2\/pages\/40","targetHints":{"allow":["GET"]}}],"collection":[{"href":"https:\/\/saaronniemensaukot.fi\/index.php?rest_route=\/wp\/v2\/pages"}],"about":[{"href":"https:\/\/saaronniemensaukot.fi\/index.php?rest_route=\/wp\/v2\/types\/page"}],"author":[{"embeddable":true,"href":"https:\/\/saaronniemensaukot.fi\/index.php?rest_route=\/wp\/v2\/users\/1"}],"replies":[{"embeddable":true,"href":"https:\/\/saaronniemensaukot.fi\/index.php?rest_route=%2Fwp%2Fv2%2Fcomments&post=40"}],"version-history":[{"count":170,"href":"https:\/\/saaronniemensaukot.fi\/index.php?rest_route=\/wp\/v2\/pages\/40\/revisions"}],"predecessor-version":[{"id":417,"href":"https:\/\/saaronniemensaukot.fi\/index.php?rest_route=\/wp\/v2\/pages\/40\/revisions\/417"}],"wp:attachment":[{"href":"https:\/\/saaronniemensaukot.fi\/index.php?rest_route=%2Fwp%2Fv2%2Fmedia&parent=40"}],"curies":[{"name":"wp","href":"https:\/\/api.w.org\/{rel}","templated":true}]}}